{"id":147,"date":"2025-06-24T12:35:23","date_gmt":"2025-06-24T10:35:23","guid":{"rendered":"https:\/\/anasebresinart.com\/?page_id=147"},"modified":"2025-07-14T12:23:40","modified_gmt":"2025-07-14T10:23:40","slug":"politica-de-cookies","status":"publish","type":"page","link":"https:\/\/anasebresinart.com\/pl\/politica-de-cookies\/","title":{"rendered":"Polityka plik\u00f3w cookie"},"content":{"rendered":"<p>Na tej stronie internetowej gromadzimy i wykorzystujemy informacje zgodnie z nasz\u0105 polityk\u0105 prywatno\u015bci. Jednym ze sposob\u00f3w gromadzenia informacji jest wykorzystanie technologii zwanej \u201eplikami cookie\u201d. <a href=\"https:\/\/anasebresinart.com\/pl\/\">https:\/\/anasebresinart.com\/<\/a>U\u017cywamy plik\u00f3w cookie do r\u00f3\u017cnych cel\u00f3w. Czym jest plik cookie? Plik cookie to plik zapisywany w przegl\u0105darce u\u017cytkownika podczas przegl\u0105dania r\u00f3\u017cnych stron internetowych. Ten plik pozwala nam uzyska\u0107 informacje o preferencjach i nawykach u\u017cytkownika. Plik cookie nie jest wirusem, trojanem ani spamem. Pliki cookie zazwyczaj nie przechowuj\u0105 poufnych informacji o u\u017cytkowniku, takich jak dane karty kredytowej lub bankowej, zdj\u0119cia ani dane osobowe. Przechowywane dane maj\u0105 charakter techniczny, statystyczny, dotycz\u0105 preferencji osobistych, personalizacji tre\u015bci itp. Jakie s\u0105 rodzaje plik\u00f3w cookie?<\/p>\n\n\n\n<ul class=\"wp-block-list\">\n<li><strong>Cookie techniczne<\/strong>&nbsp;S\u0105 to najbardziej podstawowe funkcje, kt\u00f3re pozwalaj\u0105 mi\u0119dzy innymi rozpozna\u0107, kiedy przegl\u0105da stron\u0119 cz\u0142owiek czy automatyczna aplikacja, kiedy u\u017cytkownik anonimowy, a kiedy u\u017cytkownik zarejestrowany \u2014 s\u0105 to podstawowe zadania niezb\u0119dne do funkcjonowania ka\u017cdej dynamicznej strony internetowej.<\/li>\n\n\n\n<li><strong>Analityczne pliki cookie:<\/strong>&nbsp;Gromadz\u0105 informacje o rodzaju przegl\u0105danych stron, sekcjach, z kt\u00f3rych korzystasz najcz\u0119\u015bciej, przegl\u0105danych produktach, strefie czasowej u\u017cytkowania, j\u0119zyku itp.<\/li>\n\n\n\n<li><strong>Reklamowe pliki cookies:<\/strong>&nbsp;Pokazuj\u0105 Ci reklamy na podstawie Twojej przegl\u0105darki, kraju pochodzenia, j\u0119zyka itp.<\/li>\n<\/ul>\n\n\n\n<p><strong>Czym s\u0105 pliki cookie w\u0142asne i pliki cookie podmiot\u00f3w trzecich?<\/strong>&nbsp;Pliki cookie pierwszej strony to pliki generowane przez stron\u0119, kt\u00f3r\u0105 odwiedzasz, natomiast pliki cookie stron trzecich to pliki generowane przez zewn\u0119trzne us\u0142ugi lub dostawc\u00f3w, takich jak Mailchimp, Mailrelay, Facebook, Twitter, Google Adsense itp.&nbsp;<strong>Cookie wykorzystywane w&nbsp;<\/strong>https:\/\/anasebresinart.com\/ Ta strona korzysta z w\u0142asnych plik\u00f3w cookie i plik\u00f3w cookie stron trzecich. Na tej stronie u\u017cywane s\u0105 nast\u0119puj\u0105ce pliki cookie: W\u0142asne pliki cookie: Sprawd\u017a w zale\u017cno\u015bci od witryny Lista plik\u00f3w cookie:&nbsp;<strong>Login:<\/strong>&nbsp;Te pliki cookie pozwalaj\u0105 zapami\u0119ta\u0107 nazw\u0119 u\u017cytkownika i has\u0142o.&nbsp;<strong>Personalizacja:<\/strong>&nbsp;Te pliki cookie pozwalaj\u0105 nam zapami\u0119ta\u0107, z jakimi osobami lub stronami internetowymi u\u017cytkownik wchodzi w interakcj\u0119.&nbsp;<strong>Preferencje:&nbsp;<\/strong>Zapami\u0119tuj\u0105 ustawienia i preferencje, takie jak preferowany j\u0119zyk i ustawienia prywatno\u015bci.&nbsp;<strong>Bezpiecze\u0144stwo<\/strong>&nbsp;W ANASEB RESINART u\u017cywamy plik\u00f3w cookie w celu unikni\u0119cia zagro\u017ce\u0144 bezpiecze\u0144stwa. Mo\u017cna si\u0119 z nimi zapozna\u0107&nbsp;<a href=\"https:\/\/www.google.es\/intl\/es\/policies\/technologies\/types\/\">tutaj<\/a>&nbsp;Rodzaj plik\u00f3w cookie u\u017cywanych przez Google. ANASEB RESINART jest u\u017cytkownikiem platformy dostarczaj\u0105cej i hostuj\u0105cej blogi.&nbsp;<strong>WordPress<\/strong>, nale\u017c\u0105ce do ameryka\u0144skiej firmy Automattic, Inc. W tym celu, korzystanie z takich plik\u00f3w cookie przez systemy nigdy nie podlega kontroli ani zarz\u0105dzaniu osoby odpowiedzialnej za stron\u0119 internetow\u0105. Mog\u0105 one w dowolnym momencie zmieni\u0107 ich funkcj\u0119 i wprowadzi\u0107 nowe pliki cookie. Te pliki cookie nie przynosz\u0105 r\u00f3wnie\u017c \u017cadnych korzy\u015bci osobie odpowiedzialnej za t\u0119 stron\u0119 internetow\u0105. Automattic, Inc. wykorzystuje r\u00f3wnie\u017c inne pliki cookie, aby pom\u00f3c w identyfikacji i \u015bledzeniu os\u00f3b odwiedzaj\u0105cych strony internetowe.&nbsp;<strong>WordPress<\/strong>, dowiedz si\u0119 wi\u0119cej o korzystaniu ze strony internetowej Automattic, a tak\u017ce o swoich preferencjach dost\u0119pu, zgodnie z opisem w sekcji \u201ePliki cookie\u201d w polityce prywatno\u015bci. Pliki cookie medi\u00f3w spo\u0142eczno\u015bciowych mog\u0105 by\u0107 zapisywane w Twojej przegl\u0105darce podczas przegl\u0105dania, na przyk\u0142ad podczas korzystania z przycisku udost\u0119pniania tre\u015bci ANASEB RESINART w serwisie spo\u0142eczno\u015bciowym. Poni\u017cej znajduj\u0105 si\u0119 informacje o plikach cookie medi\u00f3w spo\u0142eczno\u015bciowych u\u017cywanych przez t\u0119 stron\u0119 internetow\u0105 w jej w\u0142asnej polityce plik\u00f3w cookie:<\/p>\n\n\n\n<ul class=\"wp-block-list\">\n<li>Cookies Facebook, wi\u0119cej informacji w\u00a0<a href=\"https:\/\/www.facebook.com\/policies\/cookies\/\">pol\u00edtica de cookies<\/a><\/li>\n<\/ul>\n\n\n\n<p><strong>Jak usun\u0105\u0107 pliki cookie<\/strong>&nbsp;U\u017cytkownik mo\u017ce usun\u0105\u0107 i zablokowa\u0107 pliki cookie og\u00f3lnie lub dla konkretnej domeny. Mo\u017cna to zrobi\u0107 za pomoc\u0105 ustawie\u0144 przegl\u0105darki:<\/p>\n\n\n\n<ul class=\"wp-block-list\">\n<li>Konfiguracja cookies dla&nbsp;<a href=\"https:\/\/support.google.com\/chrome\/bin\/answer.py?hl=es&amp;answer=95647\">Google Chrome<\/a><\/li>\n\n\n\n<li>Konfiguracja cookies dla&nbsp;<a href=\"https:\/\/support.apple.com\/es-es\/HT201265\">Apple Safari<\/a><\/li>\n\n\n\n<li>Konfiguracja cookies dla&nbsp;<a href=\"https:\/\/support.microsoft.com\/en-us\/help\/17442\/windows-internet-explorer-delete-manage-cookies#ie=ie-10\">Internet Explorer<\/a><\/li>\n\n\n\n<li>Konfiguracja cookies dla&nbsp;<a href=\"https:\/\/support.mozilla.org\/es\/kb\/habilitar-y-deshabilitar-cookies-sitios-web-rastrear-preferencias?redirectlocale=es&amp;redirectslug=habilitar-y-deshabilitar-cookies-que-los-sitios-we\">Mozilla Firefox<\/a><\/li>\n<\/ul>\n\n\n\n<p><strong>Wi\u0119cej informacji o plikach cookies<\/strong>&nbsp;Mo\u017cesz zapozna\u0107 si\u0119 z przepisami dotycz\u0105cymi plik\u00f3w cookie opublikowanymi przez Hiszpa\u0144sk\u0105 Agencj\u0119 Ochrony Danych w \u201ePrzewodniku po u\u017cywaniu plik\u00f3w cookie\u201d i uzyska\u0107 wi\u0119cej informacji na temat&nbsp;<a href=\"https:\/\/neoattack.com\/politica-de-cookies\/\">cookies<\/a>&nbsp;w Internecie&nbsp;<a href=\"http:\/\/www.aboutcookies.org\/\">http:\/\/www.aboutcookies.org\/<\/a>&nbsp;Je\u015bli chcesz mie\u0107 wi\u0119ksz\u0105 kontrol\u0119 nad instalowaniem plik\u00f3w cookie, mo\u017cesz zainstalowa\u0107 programy lub dodatki do przegl\u0105darki, tzw. narz\u0119dzia \u201eDo Not Track\u201d, kt\u00f3re pozwol\u0105 Ci wybra\u0107 pliki cookie, na kt\u00f3re chcesz zezwoli\u0107. Niniejsza polityka plik\u00f3w cookie zosta\u0142a ostatnio zaktualizowana 20 maja 2021 r.<\/p>\n\n\n\n<p><\/p>","protected":false},"excerpt":{"rendered":"<p>En esta web recopilamos y utilizamos la informaci\u00f3n seg\u00fan indicamos en nuestra pol\u00edtica de privacidad. Una de las formas en las que recopilamos informaci\u00f3n es a trav\u00e9s del uso de la tecnolog\u00eda llamada \u201ccookies\u201d. En https:\/\/anasebresinart.com\/, utilizamos cookies para varias cosas.\u00bfQu\u00e9 es una cookie? Una cookie es un archivo que se almacena en el navegador [&hellip;]<\/p>","protected":false},"author":2,"featured_media":0,"parent":0,"menu_order":0,"comment_status":"closed","ping_status":"closed","template":"","meta":{"footnotes":""},"class_list":["post-147","page","type-page","status-publish","hentry"],"blocksy_meta":[],"yoast_head":"<!-- This site is optimized with the Yoast SEO plugin v26.9 - https:\/\/yoast.com\/product\/yoast-seo-wordpress\/ -->\n<title>Pol\u00edtica de Cookies - ANASEB RESINART<\/title>\n<meta name=\"robots\" content=\"noindex, nofollow\" \/>\n<meta property=\"og:locale\" content=\"pl_PL\" \/>\n<meta property=\"og:type\" content=\"article\" \/>\n<meta property=\"og:title\" content=\"Pol\u00edtica de Cookies - ANASEB RESINART\" \/>\n<meta property=\"og:description\" content=\"En esta web recopilamos y utilizamos la informaci\u00f3n seg\u00fan indicamos en nuestra pol\u00edtica de privacidad. Una de las formas en las que recopilamos informaci\u00f3n es a trav\u00e9s del uso de la tecnolog\u00eda llamada \u201ccookies\u201d. En https:\/\/anasebresinart.com\/, utilizamos cookies para varias cosas.\u00bfQu\u00e9 es una cookie? Una cookie es un archivo que se almacena en el navegador [&hellip;]\" \/>\n<meta property=\"og:url\" content=\"https:\/\/anasebresinart.com\/pl\/politica-de-cookies\/\" \/>\n<meta property=\"og:site_name\" content=\"ANASEB RESINART\" \/>\n<meta property=\"article:modified_time\" content=\"2025-07-14T10:23:40+00:00\" \/>\n<meta name=\"twitter:card\" content=\"summary_large_image\" \/>\n<meta name=\"twitter:label1\" content=\"Szacowany czas czytania\" \/>\n\t<meta name=\"twitter:data1\" content=\"4 minuty\" \/>\n<script type=\"application\/ld+json\" class=\"yoast-schema-graph\">{\"@context\":\"https:\/\/schema.org\",\"@graph\":[{\"@type\":\"WebPage\",\"@id\":\"https:\/\/anasebresinart.com\/politica-de-cookies\/\",\"url\":\"https:\/\/anasebresinart.com\/politica-de-cookies\/\",\"name\":\"Pol\u00edtica de Cookies - ANASEB RESINART\",\"isPartOf\":{\"@id\":\"https:\/\/anasebresinart.com\/#website\"},\"datePublished\":\"2025-06-24T10:35:23+00:00\",\"dateModified\":\"2025-07-14T10:23:40+00:00\",\"breadcrumb\":{\"@id\":\"https:\/\/anasebresinart.com\/politica-de-cookies\/#breadcrumb\"},\"inLanguage\":\"pl-PL\",\"potentialAction\":[{\"@type\":\"ReadAction\",\"target\":[\"https:\/\/anasebresinart.com\/politica-de-cookies\/\"]}]},{\"@type\":\"BreadcrumbList\",\"@id\":\"https:\/\/anasebresinart.com\/politica-de-cookies\/#breadcrumb\",\"itemListElement\":[{\"@type\":\"ListItem\",\"position\":1,\"name\":\"Portada\",\"item\":\"https:\/\/anasebresinart.com\/\"},{\"@type\":\"ListItem\",\"position\":2,\"name\":\"Pol\u00edtica de Cookies\"}]},{\"@type\":\"WebSite\",\"@id\":\"https:\/\/anasebresinart.com\/#website\",\"url\":\"https:\/\/anasebresinart.com\/\",\"name\":\"ANASEB RESINART\",\"description\":\"Empresa de Reformas, Carpinter\u00eda y Construcci\u00f3n\",\"publisher\":{\"@id\":\"https:\/\/anasebresinart.com\/#organization\"},\"potentialAction\":[{\"@type\":\"SearchAction\",\"target\":{\"@type\":\"EntryPoint\",\"urlTemplate\":\"https:\/\/anasebresinart.com\/?s={search_term_string}\"},\"query-input\":{\"@type\":\"PropertyValueSpecification\",\"valueRequired\":true,\"valueName\":\"search_term_string\"}}],\"inLanguage\":\"pl-PL\"},{\"@type\":\"Organization\",\"@id\":\"https:\/\/anasebresinart.com\/#organization\",\"name\":\"ANASEB RESINART\",\"url\":\"https:\/\/anasebresinart.com\/\",\"logo\":{\"@type\":\"ImageObject\",\"inLanguage\":\"pl-PL\",\"@id\":\"https:\/\/anasebresinart.com\/#\/schema\/logo\/image\/\",\"url\":\"https:\/\/anasebresinart.com\/wp-content\/uploads\/2025\/07\/LOGO_ANASEB-RESINART.png\",\"contentUrl\":\"https:\/\/anasebresinart.com\/wp-content\/uploads\/2025\/07\/LOGO_ANASEB-RESINART.png\",\"width\":594,\"height\":420,\"caption\":\"ANASEB RESINART\"},\"image\":{\"@id\":\"https:\/\/anasebresinart.com\/#\/schema\/logo\/image\/\"}}]}<\/script>\n<!-- \/ Yoast SEO plugin. -->","yoast_head_json":{"title":"Pol\u00edtica de Cookies - ANASEB RESINART","robots":{"index":"noindex","follow":"nofollow"},"og_locale":"pl_PL","og_type":"article","og_title":"Pol\u00edtica de Cookies - ANASEB RESINART","og_description":"En esta web recopilamos y utilizamos la informaci\u00f3n seg\u00fan indicamos en nuestra pol\u00edtica de privacidad. Una de las formas en las que recopilamos informaci\u00f3n es a trav\u00e9s del uso de la tecnolog\u00eda llamada \u201ccookies\u201d. En https:\/\/anasebresinart.com\/, utilizamos cookies para varias cosas.\u00bfQu\u00e9 es una cookie? Una cookie es un archivo que se almacena en el navegador [&hellip;]","og_url":"https:\/\/anasebresinart.com\/pl\/politica-de-cookies\/","og_site_name":"ANASEB RESINART","article_modified_time":"2025-07-14T10:23:40+00:00","twitter_card":"summary_large_image","twitter_misc":{"Szacowany czas czytania":"4 minuty"},"schema":{"@context":"https:\/\/schema.org","@graph":[{"@type":"WebPage","@id":"https:\/\/anasebresinart.com\/politica-de-cookies\/","url":"https:\/\/anasebresinart.com\/politica-de-cookies\/","name":"Pol\u00edtica de Cookies - ANASEB RESINART","isPartOf":{"@id":"https:\/\/anasebresinart.com\/#website"},"datePublished":"2025-06-24T10:35:23+00:00","dateModified":"2025-07-14T10:23:40+00:00","breadcrumb":{"@id":"https:\/\/anasebresinart.com\/politica-de-cookies\/#breadcrumb"},"inLanguage":"pl-PL","potentialAction":[{"@type":"ReadAction","target":["https:\/\/anasebresinart.com\/politica-de-cookies\/"]}]},{"@type":"BreadcrumbList","@id":"https:\/\/anasebresinart.com\/politica-de-cookies\/#breadcrumb","itemListElement":[{"@type":"ListItem","position":1,"name":"Portada","item":"https:\/\/anasebresinart.com\/"},{"@type":"ListItem","position":2,"name":"Pol\u00edtica de Cookies"}]},{"@type":"WebSite","@id":"https:\/\/anasebresinart.com\/#website","url":"https:\/\/anasebresinart.com\/","name":"ANASEB RESINART","description":"Empresa de Reformas, Carpinter\u00eda y Construcci\u00f3n","publisher":{"@id":"https:\/\/anasebresinart.com\/#organization"},"potentialAction":[{"@type":"SearchAction","target":{"@type":"EntryPoint","urlTemplate":"https:\/\/anasebresinart.com\/?s={search_term_string}"},"query-input":{"@type":"PropertyValueSpecification","valueRequired":true,"valueName":"search_term_string"}}],"inLanguage":"pl-PL"},{"@type":"Organization","@id":"https:\/\/anasebresinart.com\/#organization","name":"ANASEB RESINART","url":"https:\/\/anasebresinart.com\/","logo":{"@type":"ImageObject","inLanguage":"pl-PL","@id":"https:\/\/anasebresinart.com\/#\/schema\/logo\/image\/","url":"https:\/\/anasebresinart.com\/wp-content\/uploads\/2025\/07\/LOGO_ANASEB-RESINART.png","contentUrl":"https:\/\/anasebresinart.com\/wp-content\/uploads\/2025\/07\/LOGO_ANASEB-RESINART.png","width":594,"height":420,"caption":"ANASEB RESINART"},"image":{"@id":"https:\/\/anasebresinart.com\/#\/schema\/logo\/image\/"}}]}},"_links":{"self":[{"href":"https:\/\/anasebresinart.com\/pl\/wp-json\/wp\/v2\/pages\/147","targetHints":{"allow":["GET"]}}],"collection":[{"href":"https:\/\/anasebresinart.com\/pl\/wp-json\/wp\/v2\/pages"}],"about":[{"href":"https:\/\/anasebresinart.com\/pl\/wp-json\/wp\/v2\/types\/page"}],"author":[{"embeddable":true,"href":"https:\/\/anasebresinart.com\/pl\/wp-json\/wp\/v2\/users\/2"}],"replies":[{"embeddable":true,"href":"https:\/\/anasebresinart.com\/pl\/wp-json\/wp\/v2\/comments?post=147"}],"version-history":[{"count":3,"href":"https:\/\/anasebresinart.com\/pl\/wp-json\/wp\/v2\/pages\/147\/revisions"}],"predecessor-version":[{"id":637,"href":"https:\/\/anasebresinart.com\/pl\/wp-json\/wp\/v2\/pages\/147\/revisions\/637"}],"wp:attachment":[{"href":"https:\/\/anasebresinart.com\/pl\/wp-json\/wp\/v2\/media?parent=147"}],"curies":[{"name":"wp","href":"https:\/\/api.w.org\/{rel}","templated":true}]}}