{"id":146,"date":"2025-06-24T12:35:23","date_gmt":"2025-06-24T10:35:23","guid":{"rendered":"https:\/\/anasebresinart.com\/?page_id=146"},"modified":"2025-07-14T12:10:25","modified_gmt":"2025-07-14T10:10:25","slug":"politica-de-privacidad","status":"publish","type":"page","link":"https:\/\/anasebresinart.com\/pl\/politica-de-privacidad\/","title":{"rendered":"Polityka prywatno\u015bci"},"content":{"rendered":"<h1 class=\"wp-block-heading\">Polityka prywatno\u015bci<\/h1>\n\n\n\n<p>W\u0142a\u015bciciel informuje o swojej Polityce Prywatno\u015bci dotycz\u0105cej przetwarzania i ochrony danych osobowych u\u017cytkownik\u00f3w, kt\u00f3re mog\u0105 zosta\u0107 zebrane podczas przegl\u0105dania Strony internetowej: https:\/\/anasebresinart.com\/<br><br>W tym zakresie W\u0142a\u015bciciel gwarantuje przestrzeganie obowi\u0105zuj\u0105cych przepis\u00f3w o ochronie danych osobowych, zawartych w Ustawie organicznej 3\/2018 z dnia 5 grudnia o ochronie danych osobowych i gwarancji praw cyfrowych (RODO). Przestrzega r\u00f3wnie\u017c przepis\u00f3w Rozporz\u0105dzenia Parlamentu Europejskiego i Rady (UE) 2016\/679 z dnia 27 kwietnia 2016 r. w sprawie ochrony os\u00f3b fizycznych (RODO).<br><br>Korzystanie ze Strony internetowej oznacza akceptacj\u0119 niniejszej Polityki Prywatno\u015bci, a tak\u017ce warunk\u00f3w w niej zawartych. &nbsp;<a href=\"https:\/\/mymafiaagency.com\/?page_id=1127\">Informacja prawna<\/a>.<\/p>\n\n\n\n<h2 class=\"wp-block-heading\">To\u017csamo\u015b\u0107 strony odpowiedzialnej<\/h2>\n\n\n\n<ul class=\"wp-block-list\">\n<li><strong>Odpowiedzialny<\/strong>&nbsp; ANASEB RESINART<\/li>\n\n\n\n<li><span style=\"color: #000000;\" class=\"stk-highlight\"><strong>NIF:<\/strong>&nbsp;B54972195<\/span><\/li>\n\n\n\n<li><strong>Adres:<\/strong>&nbsp; Plaza de Constituci\u00f3n 4, local Izquierdo, 3550 San Juan Alicante<\/li>\n\n\n\n<li><strong>E-mail<\/strong>&nbsp; <a href=\"mailto:anaseb.resinart@gmail.com\">anaseb.resinart@gmail.com<\/a><\/li>\n\n\n\n<li><strong>Telefon<\/strong>&nbsp; 634 107 672<\/li>\n\n\n\n<li><strong>Strona internetowa<\/strong>&nbsp; <a href=\"https:\/\/anasebresinart.com\/pl\/\">https:\/\/anasebresinart.com\/<\/a><\/li>\n<\/ul>\n\n\n\n<h2 class=\"wp-block-heading\">Zasady stosowane w przetwarzaniu danych<\/h2>\n\n\n\n<p>Przetwarzaj\u0105c Twoje dane osobowe, Administrator Danych b\u0119dzie stosowa\u0142 nast\u0119puj\u0105ce zasady zgodne z wymogami nowego europejskiego rozporz\u0105dzenia o ochronie danych (RODO):<\/p>\n\n\n\n<ul class=\"wp-block-list\">\n<li>Zasada legalno\u015bci, lojalno\u015bci i przejrzysto\u015bci: Administrator Danych b\u0119dzie zawsze wymaga\u0142 zgody na przetwarzanie danych osobowych, kt\u00f3re mo\u017ce dotyczy\u0107 jednego lub wi\u0119kszej liczby konkretnych cel\u00f3w, o kt\u00f3rych Administrator Danych poinformuje U\u017cytkownika z wyprzedzeniem, zapewniaj\u0105c ca\u0142kowit\u0105 przejrzysto\u015b\u0107.<\/li>\n\n\n\n<li>Zasada minimalizacji danych: Administrator danych b\u0119dzie \u017c\u0105da\u0142 wy\u0142\u0105cznie danych \u015bci\u015ble niezb\u0119dnych do osi\u0105gni\u0119cia celu lub cel\u00f3w, w kt\u00f3rych \u017c\u0105da ich udost\u0119pnienia.<\/li>\n\n\n\n<li>Zasada ograniczenia okresu przechowywania: Administrator Danych b\u0119dzie przechowywa\u0107 zebrane dane osobowe przez okres niezb\u0119dny do realizacji celu\/cel\u00f3w przetwarzania. Administrator Danych poinformuje U\u017cytkownika o odpowiednim okresie przechowywania, w zale\u017cno\u015bci od celu.<br>W przypadku subskrypcji W\u0142a\u015bciciel b\u0119dzie okresowo przegl\u0105da\u0142 listy i usuwa\u0142 te rekordy, kt\u00f3re by\u0142y nieaktywne przez d\u0142u\u017cszy czas.<\/li>\n\n\n\n<li>Zasada integralno\u015bci i poufno\u015bci: Zebrane dane osobowe b\u0119d\u0105 traktowane w spos\u00f3b gwarantuj\u0105cy ich bezpiecze\u0144stwo, poufno\u015b\u0107 i integralno\u015b\u0107.<br>W\u0142a\u015bciciel podejmuje niezb\u0119dne \u015brodki ostro\u017cno\u015bci, aby zapobiec nieautoryzowanemu dost\u0119powi lub niew\u0142a\u015bciwemu wykorzystaniu danych swoich u\u017cytkownik\u00f3w przez osoby trzecie.<\/li>\n<\/ul>\n\n\n\n<h2 class=\"wp-block-heading\">Uzyskiwanie danych osobowych<\/h2>\n\n\n\n<p>Aby przegl\u0105da\u0107 witryn\u0119, nie musisz podawa\u0107 \u017cadnych danych osobowych.<\/p>\n\n\n\n<h2 class=\"wp-block-heading\">Prawa<\/h2>\n\n\n\n<p>W\u0142a\u015bciciel informuje, \u017ce w odniesieniu do Twoich danych osobowych masz prawo do:<\/p>\n\n\n\n<ul class=\"wp-block-list\">\n<li>\u017b\u0105danie dost\u0119pu do przechowywanych danych.<\/li>\n\n\n\n<li>\u017b\u0105danie sprostowania lub usuni\u0119cia.<\/li>\n\n\n\n<li>\u017b\u0105danie ograniczenia przetwarzania.<\/li>\n\n\n\n<li>Sprzeciw wobec przetwarzania.<\/li>\n<\/ul>\n\n\n\n<p>Nie mo\u017cesz skorzysta\u0107 z prawa do przenoszenia danych.<\/p>\n\n\n\n<p>Korzystanie z tych praw ma charakter osobisty i dlatego musi by\u0107 wykonywane bezpo\u015brednio przez osob\u0119 zainteresowan\u0105, poprzez zwr\u00f3cenie si\u0119 o nie bezpo\u015brednio do W\u0142a\u015bciciela. Oznacza to, \u017ce ka\u017cdy klient, subskrybent lub wsp\u00f3\u0142pracownik, kt\u00f3ry przekaza\u0142 swoje dane, mo\u017ce w dowolnym momencie skontaktowa\u0107 si\u0119 z W\u0142a\u015bcicielem i za\u017c\u0105da\u0107 informacji o przechowywanych danych i sposobie ich pozyskania, za\u017c\u0105da\u0107 ich sprostowania, sprzeciwi\u0107 si\u0119 ich przetwarzaniu, ograniczy\u0107 ich wykorzystanie lub za\u017c\u0105da\u0107 usuni\u0119cia tych danych z baz W\u0142a\u015bciciela.<br><br>Aby skorzysta\u0107 ze swoich praw, nale\u017cy przes\u0142a\u0107 wniosek wraz z kserokopi\u0105 dowodu osobistego lub jego odpowiednika na adres e-mail:&nbsp;<a href=\"https:\/\/anasebresinart.com\/pl\/\">https:\/\/anasebresinart.com\/<\/a><br><br>Wykonywanie tych praw nie obejmuje danych, kt\u00f3re Podmiot Danych jest zobowi\u0105zany zachowa\u0107 w celach administracyjnych, prawnych lub bezpiecze\u0144stwa.<br><br>Masz prawo do skutecznej ochrony s\u0105dowej i wniesienia skargi do organu nadzorczego, w tym przypadku Hiszpa\u0144skiej Agencji Ochrony Danych, je\u015bli uwa\u017casz, \u017ce przetwarzanie Twoich danych osobowych narusza Rozporz\u0105dzenie.<\/p>\n\n\n\n<h2 class=\"wp-block-heading\" id=\"finalidad-del-tratamiento-de-datos-personales\">Cel przetwarzania danych osobowych<\/h2>\n\n\n\n<p>\u0141\u0105cz\u0105c si\u0119 ze Stron\u0105 Internetow\u0105 w celu wys\u0142ania wiadomo\u015bci e-mail do W\u0142a\u015bciciela lub zapisania si\u0119 do newslettera, podajesz dane osobowe, za kt\u00f3re W\u0142a\u015bciciel ponosi odpowiedzialno\u015b\u0107. Dane te mog\u0105 obejmowa\u0107 dane osobowe, takie jak adres IP, imi\u0119 i nazwisko, adres zamieszkania, adres e-mail, numer telefonu i inne informacje. Podaj\u0105c te informacje, wyra\u017casz zgod\u0119 na gromadzenie, wykorzystywanie, zarz\u0105dzanie i przechowywanie Twoich danych przez ANASEB RESINART wy\u0142\u0105cznie w spos\u00f3b opisany na stronach:<\/p>\n\n\n\n<ul class=\"wp-block-list\">\n<li><a href=\"https:\/\/anasebresinart.com\/pl\/aviso-legal\/\"><strong>Informacja prawna<\/strong><\/a><\/li>\n\n\n\n<li><a href=\"https:\/\/anasebresinart.com\/pl\/politica-de-privacidad\/\"><strong>Polityka prywatno\u015bci<\/strong><\/a><\/li>\n<\/ul>\n\n\n\n<p><\/p>\n\n\n\n<p>Istniej\u0105 r\u00f3wnie\u017c inne cele, w kt\u00f3rych W\u0142a\u015bciciel przetwarza dane osobowe:<\/p>\n\n\n\n<ul class=\"wp-block-list\">\n<li>Aby zapewni\u0107 zgodno\u015b\u0107 z warunkami okre\u015blonymi na stronie \u201eInformacje prawne\u201d oraz obowi\u0105zuj\u0105cym prawem. Mo\u017ce to obejmowa\u0107 opracowanie narz\u0119dzi i algorytm\u00f3w, kt\u00f3re pomog\u0105 Stronie zapewni\u0107 poufno\u015b\u0107 gromadzonych danych osobowych.<\/li>\n\n\n\n<li>W celu wspierania i udoskonalania us\u0142ug oferowanych przez t\u0119 Stron\u0119 internetow\u0105.<\/li>\n\n\n\n<li>W celu analizy nawigacji u\u017cytkownika. W\u0142a\u015bciciel gromadzi inne dane nieidentyfikuj\u0105ce, uzyskane za pomoc\u0105 plik\u00f3w cookie, kt\u00f3re s\u0105 pobierane na komputer U\u017cytkownika podczas przegl\u0105dania Witryny. Ich charakterystyka i cel zosta\u0142y szczeg\u00f3\u0142owo opisane na stronie polityki prywatno\u015bci witryny.&nbsp;<a href=\"https:\/\/anasebresinart.com\/pl\/politica-de-cookies\/\">Polityka plik\u00f3w cookie<\/a>.<\/li>\n\n\n\n<li>Zarz\u0105dzanie mediami spo\u0142eczno\u015bciowymi. Administrator Danych jest obecny w mediach spo\u0142eczno\u015bciowych. Je\u015bli zostaniesz obserwatorem na kontach Administratora Danych w mediach spo\u0142eczno\u015bciowych, przetwarzanie Twoich danych osobowych b\u0119dzie podlega\u0107 postanowieniom niniejszej sekcji, a tak\u017ce warunkom u\u017cytkowania, polityce prywatno\u015bci i regulaminowi dost\u0119pu obowi\u0105zuj\u0105cemu na danej platformie medi\u00f3w spo\u0142eczno\u015bciowych, kt\u00f3re wcze\u015bniej zaakceptowa\u0142e\u015b.<br>Polityk\u0119 prywatno\u015bci g\u0142\u00f3wnych serwis\u00f3w spo\u0142eczno\u015bciowych mo\u017cna sprawdzi\u0107 pod tymi linkami:<ul><li><a href=\"https:\/\/www.facebook.com\/help\/cookies\" target=\"_blank\" rel=\"noreferrer noopener\">Facebook<\/a><\/li><li><a href=\"https:\/\/twitter.com\/privacy\" target=\"_blank\" rel=\"noreferrer noopener\">Twitter<\/a><\/li><li><a href=\"https:\/\/www.linkedin.com\/legal\/cookie-policy\" target=\"_blank\" rel=\"noreferrer noopener\">Linkedin<\/a><\/li><li><a href=\"https:\/\/www.youtube.com\/privacy\" target=\"_blank\" rel=\"noreferrer noopener\">YouTube<\/a><\/li><li><a href=\"https:\/\/www.instagram.com\/legal\/privacy\/\" target=\"_blank\" rel=\"noreferrer noopener\">Instagram<\/a><\/li><\/ul>W\u0142a\u015bciciel b\u0119dzie przetwarza\u0142 Twoje dane osobowe w celu prawid\u0142owego zarz\u0105dzania Twoj\u0105 obecno\u015bci\u0105 w serwisie spo\u0142eczno\u015bciowym, informowania Ci\u0119 o jego aktywno\u015bci oraz w ka\u017cdym innym celu dozwolonym przez regulamin serwisu spo\u0142eczno\u015bciowego. W\u0142a\u015bciciel w \u017cadnym wypadku nie b\u0119dzie wykorzystywa\u0142 profili obserwuj\u0105cych w serwisie spo\u0142eczno\u015bciowym do wysy\u0142ania reklam indywidualnych.<\/li>\n<\/ul>\n\n\n\n<h2 class=\"wp-block-heading\">Bezpiecze\u0144stwo danych osobowych<\/h2>\n\n\n\n<p>Aby chroni\u0107 Twoje dane osobowe, Administrator Danych podejmuje wszelkie uzasadnione \u015brodki ostro\u017cno\u015bci i stosuje najlepsze praktyki bran\u017cowe, aby zapobiec ich utracie, niew\u0142a\u015bciwemu wykorzystaniu, nieautoryzowanemu dost\u0119powi, ujawnieniu, zmianie lub zniszczeniu.<br><br>Twoje dane mog\u0105 zosta\u0107 dodane do pliku listy mailingowej, za kt\u00f3rego zarz\u0105dzanie i przetwarzanie odpowiada Administrator Danych. Bezpiecze\u0144stwo Twoich danych jest gwarantowane, poniewa\u017c Administrator Danych podejmuje wszelkie niezb\u0119dne \u015brodki bezpiecze\u0144stwa i gwarantuje, \u017ce Twoje dane osobowe b\u0119d\u0105 wykorzystywane wy\u0142\u0105cznie do okre\u015blonych cel\u00f3w.<br><br>Administrator Danych informuje U\u017cytkownika, \u017ce jego dane osobowe nie b\u0119d\u0105 przekazywane podmiotom zewn\u0119trznym, z wyj\u0105tkiem sytuacji, gdy przekazanie takie wynika z obowi\u0105zku prawnego lub gdy \u015bwiadczenie us\u0142ugi wymaga zawarcia umowy z podmiotem przetwarzaj\u0105cym. W tym ostatnim przypadku dane zostan\u0105 przekazane podmiotowi zewn\u0119trznemu wy\u0142\u0105cznie za wyra\u017an\u0105 zgod\u0105 U\u017cytkownika.<br><br>Jednak w niekt\u00f3rych przypadkach mo\u017cliwa jest wsp\u00f3\u0142praca z innymi specjalistami. W takich przypadkach wymagana b\u0119dzie zgoda U\u017cytkownika, informuj\u0105ca o to\u017csamo\u015bci wsp\u00f3\u0142pracownika i celu wsp\u00f3\u0142pracy. Zawsze b\u0119dzie to odbywa\u0107 si\u0119 z zachowaniem najwy\u017cszych standard\u00f3w bezpiecze\u0144stwa.<\/p>\n\n\n\n<h2 class=\"wp-block-heading\">Tre\u015bci z innych stron internetowych<\/h2>\n\n\n\n<p>Strony tej witryny mog\u0105 zawiera\u0107 osadzone tre\u015bci (np. filmy, obrazy, artyku\u0142y itp.). Osadzone tre\u015bci z innych witryn zachowuj\u0105 si\u0119 dok\u0142adnie tak samo, jakby\u015b odwiedzi\u0142 dan\u0105 witryn\u0119.<\/p>\n\n\n\n<p>Te witryny mog\u0105 zbiera\u0107 dane o Tobie, u\u017cywa\u0107 plik\u00f3w cookie, osadza\u0107 dodatkowy kod \u015bledz\u0105cy stron trzecich i monitorowa\u0107 Twoj\u0105 interakcj\u0119 za pomoc\u0105 tego kodu.<\/p>\n\n\n\n<h2 class=\"wp-block-heading\">Polityka plik\u00f3w cookie<\/h2>\n\n\n\n<p>Aby ta strona internetowa funkcjonowa\u0142a prawid\u0142owo, musi u\u017cywa\u0107 plik\u00f3w cookie, czyli informacji przechowywanych w Twojej przegl\u0105darce internetowej.<br><br>Wszystkie informacje dotycz\u0105ce polityki gromadzenia i przetwarzania plik\u00f3w cookies mo\u017cna znale\u017a\u0107 na stronie&nbsp;<a href=\"https:\/\/anasebresinart.com\/pl\/politica-de-cookies\/\">Polityka plik\u00f3w cookie<\/a>.<\/p>\n\n\n\n<h2 class=\"wp-block-heading\">Legalno\u015b\u0107 przetwarzania danych<\/h2>\n\n\n\n<p>Podstaw\u0105 prawn\u0105 przetwarzania Twoich danych jest:<\/p>\n\n\n\n<ul class=\"wp-block-list\">\n<li>Zgoda osoby zainteresowanej.<\/li>\n<\/ul>\n\n\n\n<h2 class=\"wp-block-heading\">Kategorie danych osobowych<\/h2>\n\n\n\n<p>Kategorie danych osobowych przetwarzanych przez Administratora Danych to:<\/p>\n\n\n\n<ul class=\"wp-block-list\">\n<li>Dane identyfikacyjne.<\/li>\n\n\n\n<li>Nie przetwarza si\u0119 \u017cadnych kategorii danych szczeg\u00f3lnie chronionych.<\/li>\n<\/ul>\n\n\n\n<h2 class=\"wp-block-heading\">Przechowywanie danych osobowych<\/h2>\n\n\n\n<p>Podane W\u0142a\u015bcicielowi dane osobowe b\u0119d\u0105 przechowywane do momentu z\u0142o\u017cenia przez Ciebie wniosku o ich usuni\u0119cie.<\/p>\n\n\n\n<h2 class=\"wp-block-heading\">Odbiorcy danych osobowych<\/h2>\n\n\n\n<ul class=\"wp-block-list\">\n<li><strong>Google Analytics<\/strong>&nbsp;Jest to us\u0142uga analizy ruchu w sieci \u015bwiadczona przez Google, Inc., sp\u00f3\u0142k\u0119 z siedzib\u0105 w stanie Delaware, kt\u00f3rej g\u0142\u00f3wna siedziba znajduje si\u0119 pod adresem 1600 Amphitheatre Parkway, Mountain View (Kalifornia), CA 94043, Stany Zjednoczone (\u201eGoogle\u201d).<br>Google Analytics u\u017cywa plik\u00f3w \u201ecookie\u201d, czyli plik\u00f3w tekstowych umieszczanych na Twoim komputerze, aby pom\u00f3c W\u0142a\u015bcicielowi analizowa\u0107 spos\u00f3b, w jaki u\u017cytkownicy korzystaj\u0105 ze strony internetowej. Informacje generowane przez plik cookie na temat korzystania ze strony internetowej (w tym Tw\u00f3j adres IP) b\u0119d\u0105 przesy\u0142ane do Google i przechowywane na serwerach w Stanach Zjednoczonych.<br>Wi\u0119cej informacji na:&nbsp;<a href=\"https:\/\/policies.google.com\/privacy?hl=es-ES\" target=\"_blank\" rel=\"noreferrer noopener\">https:\/\/analytics.google.com<\/a><\/li>\n<\/ul>\n\n\n\n<p>Na stronie Polityki prywatno\u015bci Google mo\u017cesz sprawdzi\u0107, w jaki spos\u00f3b Google zarz\u0105dza prywatno\u015bci\u0105 w zakresie korzystania z plik\u00f3w cookie i innych informacji:&nbsp;<a href=\"https:\/\/policies.google.com\/privacy?hl=es\" target=\"_blank\" rel=\"noreferrer noopener\">https:\/\/policies.google.com\/privacy?hl=es<\/a><\/p>\n\n\n\n<p>List\u0119 typ\u00f3w plik\u00f3w cookie u\u017cywanych przez Google i jego partner\u00f3w oraz pe\u0142ne informacje na temat wykorzystywania przez nich plik\u00f3w cookie reklamowych mo\u017cna znale\u017a\u0107 pod adresem:<\/p>\n\n\n\n<ul class=\"wp-block-list\">\n<li><a href=\"https:\/\/policies.google.com\/technologies\/types?hl=es\" target=\"_blank\" rel=\"noreferrer noopener\">Rodzaje cookies jakie wykorzystuje Google<\/a><\/li>\n\n\n\n<li><a href=\"https:\/\/policies.google.com\/technologies\/ads?hl=es\" target=\"_blank\" rel=\"noreferrer noopener\">Jak Google wykorzystuje cookies w reklamie<\/a>.<\/li>\n<\/ul>\n\n\n\n<h2 class=\"wp-block-heading\">Nawigacja internetowa<\/h2>\n\n\n\n<p>Podczas przegl\u0105dania Witryny mog\u0105 by\u0107 zbierane dane niepozwalaj\u0105ce na identyfikacj\u0119 u\u017cytkownika, w tym adres IP, geolokalizacja, zapis sposobu korzystania z us\u0142ug i witryn, nawyki przegl\u0105dania oraz inne dane, kt\u00f3re nie mog\u0105 pos\u0142u\u017cy\u0107 do zidentyfikowania u\u017cytkownika.<\/p>\n\n\n\n<p>Witryna korzysta z nast\u0119puj\u0105cych us\u0142ug analitycznych stron trzecich:<\/p>\n\n\n\n<ul class=\"wp-block-list\">\n<li>Google Analytics.<\/li>\n<\/ul>\n\n\n\n<p>W\u0142a\u015bciciel wykorzystuje uzyskane informacje w celu uzyskania danych statystycznych, analizy trend\u00f3w, administrowania witryn\u0105, badania wzorc\u00f3w przegl\u0105dania stron internetowych oraz gromadzenia danych demograficznych.<\/p>\n\n\n\n<p>W\u0142a\u015bciciel nie ponosi odpowiedzialno\u015bci za przetwarzanie danych osobowych dokonywane przez strony internetowe, do kt\u00f3rych mo\u017cna uzyska\u0107 dost\u0119p za po\u015brednictwem link\u00f3w zamieszczonych na Stronie.<\/p>\n\n\n\n<h2 class=\"wp-block-heading\">Dok\u0142adno\u015b\u0107 i prawdziwo\u015b\u0107 danych osobowych<\/h2>\n\n\n\n<p>Wyra\u017casz zgod\u0119, \u017ce dane, kt\u00f3re przekazujesz Administratorowi Danych, s\u0105 prawid\u0142owe, kompletne, dok\u0142adne i aktualne oraz \u017ce b\u0119dziesz je aktualizowa\u0107.<\/p>\n\n\n\n<p>Jako U\u017cytkownik Witryny internetowej ponosisz wy\u0142\u0105czn\u0105 odpowiedzialno\u015b\u0107 za prawdziwo\u015b\u0107 i dok\u0142adno\u015b\u0107 danych przes\u0142anych do Witryny internetowej, zwalniaj\u0105c W\u0142a\u015bciciela z wszelkiej odpowiedzialno\u015bci w tym zakresie.<\/p>\n\n\n\n<h2 class=\"wp-block-heading\">Akceptacja i zgoda<\/h2>\n\n\n\n<p>Jako U\u017cytkownik Serwisu o\u015bwiadczasz, i\u017c zapozna\u0142e\u015b si\u0119 z warunkami dotycz\u0105cymi ochrony danych osobowych, akceptujesz i wyra\u017casz zgod\u0119 na przetwarzanie tych danych przez W\u0142a\u015bciciela w spos\u00f3b i w celach wskazanych w niniejszej Polityce Prywatno\u015bci.<\/p>\n\n\n\n<p>Aby skontaktowa\u0107 si\u0119 z W\u0142a\u015bcicielem, zapisa\u0107 si\u0119 do newslettera lub zamieszcza\u0107 komentarze na tej stronie internetowej, musisz zaakceptowa\u0107 niniejsz\u0105 Polityk\u0119 Prywatno\u015bci.<\/p>\n\n\n\n<h2 class=\"wp-block-heading\">Zmiany w polityce prywatno\u015bci<\/h2>\n\n\n\n<p>W\u0142a\u015bciciel zastrzega sobie prawo do zmiany niniejszej Polityki Prywatno\u015bci w celu dostosowania jej do nowych przepis\u00f3w prawa lub orzecznictwa, a tak\u017ce do praktyk bran\u017cowych.<\/p>\n\n\n\n<p>Zasady te pozostan\u0105 w mocy do czasu ich zmiany przez inne nale\u017cycie opublikowane zasady.<\/p>","protected":false},"excerpt":{"rendered":"<p>Pol\u00edtica de Privacidad El Titular le informa sobre su Pol\u00edtica de Privacidad respecto del tratamiento y protecci\u00f3n de los datos de car\u00e1cter personal de los usuarios que puedan ser recabados durante la navegaci\u00f3n a trav\u00e9s del Sitio Web: https:\/\/anasebresinart.com\/ En este sentido, el Titular garantiza el cumplimiento de la normativa vigente en materia de protecci\u00f3n [&hellip;]<\/p>","protected":false},"author":2,"featured_media":0,"parent":0,"menu_order":0,"comment_status":"closed","ping_status":"closed","template":"","meta":{"footnotes":""},"class_list":["post-146","page","type-page","status-publish","hentry"],"blocksy_meta":{"has_hero_section":"disabled","styles_descriptor":{"styles":{"desktop":"","tablet":"","mobile":""},"google_fonts":[],"version":6}},"yoast_head":"<!-- This site is optimized with the Yoast SEO plugin v26.9 - https:\/\/yoast.com\/product\/yoast-seo-wordpress\/ -->\n<title>Pol\u00edtica de Privacidad - ANASEB RESINART<\/title>\n<meta name=\"robots\" content=\"noindex, nofollow\" \/>\n<meta property=\"og:locale\" content=\"pl_PL\" \/>\n<meta property=\"og:type\" content=\"article\" \/>\n<meta property=\"og:title\" content=\"Pol\u00edtica de Privacidad - ANASEB RESINART\" \/>\n<meta property=\"og:description\" content=\"Pol\u00edtica de Privacidad El Titular le informa sobre su Pol\u00edtica de Privacidad respecto del tratamiento y protecci\u00f3n de los datos de car\u00e1cter personal de los usuarios que puedan ser recabados durante la navegaci\u00f3n a trav\u00e9s del Sitio Web: https:\/\/anasebresinart.com\/ En este sentido, el Titular garantiza el cumplimiento de la normativa vigente en materia de protecci\u00f3n [&hellip;]\" \/>\n<meta property=\"og:url\" content=\"https:\/\/anasebresinart.com\/pl\/politica-de-privacidad\/\" \/>\n<meta property=\"og:site_name\" content=\"ANASEB RESINART\" \/>\n<meta property=\"article:modified_time\" content=\"2025-07-14T10:10:25+00:00\" \/>\n<meta name=\"twitter:card\" content=\"summary_large_image\" \/>\n<meta name=\"twitter:label1\" content=\"Szacowany czas czytania\" \/>\n\t<meta name=\"twitter:data1\" content=\"9 minut\" \/>\n<script type=\"application\/ld+json\" class=\"yoast-schema-graph\">{\"@context\":\"https:\/\/schema.org\",\"@graph\":[{\"@type\":\"WebPage\",\"@id\":\"https:\/\/anasebresinart.com\/politica-de-privacidad\/\",\"url\":\"https:\/\/anasebresinart.com\/politica-de-privacidad\/\",\"name\":\"Pol\u00edtica de Privacidad - ANASEB RESINART\",\"isPartOf\":{\"@id\":\"https:\/\/anasebresinart.com\/#website\"},\"datePublished\":\"2025-06-24T10:35:23+00:00\",\"dateModified\":\"2025-07-14T10:10:25+00:00\",\"breadcrumb\":{\"@id\":\"https:\/\/anasebresinart.com\/politica-de-privacidad\/#breadcrumb\"},\"inLanguage\":\"pl-PL\",\"potentialAction\":[{\"@type\":\"ReadAction\",\"target\":[\"https:\/\/anasebresinart.com\/politica-de-privacidad\/\"]}]},{\"@type\":\"BreadcrumbList\",\"@id\":\"https:\/\/anasebresinart.com\/politica-de-privacidad\/#breadcrumb\",\"itemListElement\":[{\"@type\":\"ListItem\",\"position\":1,\"name\":\"Portada\",\"item\":\"https:\/\/anasebresinart.com\/\"},{\"@type\":\"ListItem\",\"position\":2,\"name\":\"Pol\u00edtica de Privacidad\"}]},{\"@type\":\"WebSite\",\"@id\":\"https:\/\/anasebresinart.com\/#website\",\"url\":\"https:\/\/anasebresinart.com\/\",\"name\":\"ANASEB RESINART\",\"description\":\"Empresa de Reformas, Carpinter\u00eda y Construcci\u00f3n\",\"publisher\":{\"@id\":\"https:\/\/anasebresinart.com\/#organization\"},\"potentialAction\":[{\"@type\":\"SearchAction\",\"target\":{\"@type\":\"EntryPoint\",\"urlTemplate\":\"https:\/\/anasebresinart.com\/?s={search_term_string}\"},\"query-input\":{\"@type\":\"PropertyValueSpecification\",\"valueRequired\":true,\"valueName\":\"search_term_string\"}}],\"inLanguage\":\"pl-PL\"},{\"@type\":\"Organization\",\"@id\":\"https:\/\/anasebresinart.com\/#organization\",\"name\":\"ANASEB RESINART\",\"url\":\"https:\/\/anasebresinart.com\/\",\"logo\":{\"@type\":\"ImageObject\",\"inLanguage\":\"pl-PL\",\"@id\":\"https:\/\/anasebresinart.com\/#\/schema\/logo\/image\/\",\"url\":\"https:\/\/anasebresinart.com\/wp-content\/uploads\/2025\/07\/LOGO_ANASEB-RESINART.png\",\"contentUrl\":\"https:\/\/anasebresinart.com\/wp-content\/uploads\/2025\/07\/LOGO_ANASEB-RESINART.png\",\"width\":594,\"height\":420,\"caption\":\"ANASEB RESINART\"},\"image\":{\"@id\":\"https:\/\/anasebresinart.com\/#\/schema\/logo\/image\/\"}}]}<\/script>\n<!-- \/ Yoast SEO plugin. -->","yoast_head_json":{"title":"Pol\u00edtica de Privacidad - ANASEB RESINART","robots":{"index":"noindex","follow":"nofollow"},"og_locale":"pl_PL","og_type":"article","og_title":"Pol\u00edtica de Privacidad - ANASEB RESINART","og_description":"Pol\u00edtica de Privacidad El Titular le informa sobre su Pol\u00edtica de Privacidad respecto del tratamiento y protecci\u00f3n de los datos de car\u00e1cter personal de los usuarios que puedan ser recabados durante la navegaci\u00f3n a trav\u00e9s del Sitio Web: https:\/\/anasebresinart.com\/ En este sentido, el Titular garantiza el cumplimiento de la normativa vigente en materia de protecci\u00f3n [&hellip;]","og_url":"https:\/\/anasebresinart.com\/pl\/politica-de-privacidad\/","og_site_name":"ANASEB RESINART","article_modified_time":"2025-07-14T10:10:25+00:00","twitter_card":"summary_large_image","twitter_misc":{"Szacowany czas czytania":"9 minut"},"schema":{"@context":"https:\/\/schema.org","@graph":[{"@type":"WebPage","@id":"https:\/\/anasebresinart.com\/politica-de-privacidad\/","url":"https:\/\/anasebresinart.com\/politica-de-privacidad\/","name":"Pol\u00edtica de Privacidad - ANASEB RESINART","isPartOf":{"@id":"https:\/\/anasebresinart.com\/#website"},"datePublished":"2025-06-24T10:35:23+00:00","dateModified":"2025-07-14T10:10:25+00:00","breadcrumb":{"@id":"https:\/\/anasebresinart.com\/politica-de-privacidad\/#breadcrumb"},"inLanguage":"pl-PL","potentialAction":[{"@type":"ReadAction","target":["https:\/\/anasebresinart.com\/politica-de-privacidad\/"]}]},{"@type":"BreadcrumbList","@id":"https:\/\/anasebresinart.com\/politica-de-privacidad\/#breadcrumb","itemListElement":[{"@type":"ListItem","position":1,"name":"Portada","item":"https:\/\/anasebresinart.com\/"},{"@type":"ListItem","position":2,"name":"Pol\u00edtica de Privacidad"}]},{"@type":"WebSite","@id":"https:\/\/anasebresinart.com\/#website","url":"https:\/\/anasebresinart.com\/","name":"ANASEB RESINART","description":"Empresa de Reformas, Carpinter\u00eda y Construcci\u00f3n","publisher":{"@id":"https:\/\/anasebresinart.com\/#organization"},"potentialAction":[{"@type":"SearchAction","target":{"@type":"EntryPoint","urlTemplate":"https:\/\/anasebresinart.com\/?s={search_term_string}"},"query-input":{"@type":"PropertyValueSpecification","valueRequired":true,"valueName":"search_term_string"}}],"inLanguage":"pl-PL"},{"@type":"Organization","@id":"https:\/\/anasebresinart.com\/#organization","name":"ANASEB RESINART","url":"https:\/\/anasebresinart.com\/","logo":{"@type":"ImageObject","inLanguage":"pl-PL","@id":"https:\/\/anasebresinart.com\/#\/schema\/logo\/image\/","url":"https:\/\/anasebresinart.com\/wp-content\/uploads\/2025\/07\/LOGO_ANASEB-RESINART.png","contentUrl":"https:\/\/anasebresinart.com\/wp-content\/uploads\/2025\/07\/LOGO_ANASEB-RESINART.png","width":594,"height":420,"caption":"ANASEB RESINART"},"image":{"@id":"https:\/\/anasebresinart.com\/#\/schema\/logo\/image\/"}}]}},"_links":{"self":[{"href":"https:\/\/anasebresinart.com\/pl\/wp-json\/wp\/v2\/pages\/146","targetHints":{"allow":["GET"]}}],"collection":[{"href":"https:\/\/anasebresinart.com\/pl\/wp-json\/wp\/v2\/pages"}],"about":[{"href":"https:\/\/anasebresinart.com\/pl\/wp-json\/wp\/v2\/types\/page"}],"author":[{"embeddable":true,"href":"https:\/\/anasebresinart.com\/pl\/wp-json\/wp\/v2\/users\/2"}],"replies":[{"embeddable":true,"href":"https:\/\/anasebresinart.com\/pl\/wp-json\/wp\/v2\/comments?post=146"}],"version-history":[{"count":6,"href":"https:\/\/anasebresinart.com\/pl\/wp-json\/wp\/v2\/pages\/146\/revisions"}],"predecessor-version":[{"id":636,"href":"https:\/\/anasebresinart.com\/pl\/wp-json\/wp\/v2\/pages\/146\/revisions\/636"}],"wp:attachment":[{"href":"https:\/\/anasebresinart.com\/pl\/wp-json\/wp\/v2\/media?parent=146"}],"curies":[{"name":"wp","href":"https:\/\/api.w.org\/{rel}","templated":true}]}}