{"id":145,"date":"2025-06-24T12:35:23","date_gmt":"2025-06-24T10:35:23","guid":{"rendered":"https:\/\/anasebresinart.com\/?page_id=145"},"modified":"2025-07-14T12:49:03","modified_gmt":"2025-07-14T10:49:03","slug":"aviso-legal","status":"publish","type":"page","link":"https:\/\/anasebresinart.com\/pl\/aviso-legal\/","title":{"rendered":"Informacja prawna"},"content":{"rendered":"<p><strong>DANE<\/strong><\/p>\n\n\n\n<p><strong>Nazwa handlowa: ANASEB RESINART SL<\/strong><\/p>\n\n\n\n<p><strong>NIF\/CIF:&nbsp;<\/strong>&nbsp;B54972195<\/p>\n\n\n\n<p><strong>Adres:&nbsp;<\/strong>Plaza de Constituci\u00f3n 4 loc izq 03550 San Juan<\/p>\n\n\n\n<p><strong>E-mail&nbsp;<\/strong><a href=\"mailto:anaseb.resinart@gmail.com\">anaseb.resinart@gmail.com<\/a><\/p>\n\n\n\n<p><strong>Dzia\u0142alno\u015b\u0107:&nbsp;<\/strong>Budownictwo, remonty, naprawy, stolarstwo, o\u015bwietlenie wn\u0119trz, elektryka<\/p>\n\n\n\n<p><strong>Zarejestrowano w Rejestrze Handlowym:&nbsp;<\/strong><\/p>\n\n\n\n<p>W tym miejscu U\u017bYTKOWNICY znajd\u0105 wszystkie informacje dotycz\u0105ce warunk\u00f3w prawnych, kt\u00f3re okre\u015blaj\u0105 relacje mi\u0119dzy u\u017cytkownikami a nami, jako w\u0142a\u015bcicielami witryny. Jako u\u017cytkownik, wa\u017cne jest, aby\u015b zrozumia\u0142 te warunki przed kontynuowaniem przegl\u0105dania.<\/p>\n\n\n\n<p>ANASEB RESINART SL, jako podmiot odpowiedzialny za t\u0119 stron\u0119 internetow\u0105, zobowi\u0105zuje si\u0119 do przetwarzania danych naszych u\u017cytkownik\u00f3w i klient\u00f3w z zachowaniem wszelkich gwarancji oraz zgodnie z krajowymi i europejskimi wymogami reguluj\u0105cymi gromadzenie i wykorzystywanie danych osobowych naszych u\u017cytkownik\u00f3w.<\/p>\n\n\n\n<p>Niniejsza strona internetowa \u015bci\u015ble przestrzega przepis\u00f3w RODO (RODO) (Rozporz\u0105dzenie (UE) 2016\/679 o ochronie danych) oraz ustawy LSSI-CE i ustawy 34\/2002 z dnia 11 lipca o us\u0142ugach spo\u0142ecze\u0144stwa informacyjnego i handlu elektronicznym.<\/p>\n\n\n\n<p><strong>Og\u00f3lne warunki u\u017cytkowania<\/strong><\/p>\n\n\n\n<p>Niniejsze Warunki Og\u00f3lne reguluj\u0105 zasady korzystania (w tym tak\u017ce dost\u0119p do) ze stron internetowych tworz\u0105cych witryn\u0119 internetow\u0105. <a href=\"https:\/\/anasebresinart.com\/pl\/\">https:\/\/anasebresinart.com\/<\/a> w tym tre\u015bci i us\u0142ugi udost\u0119pniane na nich. Ka\u017cda osoba uzyskuj\u0105ca dost\u0119p do witryny, <a href=\"https:\/\/anasebresinart.com\/pl\/\">https:\/\/anasebresinart.com\/&nbsp;<\/a>(\u201c<strong>U\u017cytkownik<\/strong>\u201d) wyra\u017ca zgod\u0119 na przestrzeganie Og\u00f3lnych Warunk\u00f3w obowi\u0105zuj\u0105cych w danym momencie na portalu https:\/\/anasebresinart.com\/<\/p>\n\n\n\n<p>U\u017cytkownik jest informowany i akceptuje, \u017ce dost\u0119p do niniejszej Strony Internetowej w \u017cadnym wypadku nie stanowi nawi\u0105zania relacji handlowej z Nazw\u0105 Handlow\u0105. W zwi\u0105zku z tym U\u017cytkownik zgadza si\u0119 korzysta\u0107 ze Strony Internetowej, jej us\u0142ug i tre\u015bci w spos\u00f3b nienaruszaj\u0105cy obowi\u0105zuj\u0105cych przepis\u00f3w prawa, zasad dobrej wiary ani porz\u0105dku publicznego.<\/p>\n\n\n\n<p>Korzystanie ze strony internetowej w celach niezgodnych z prawem lub szkodliwych, a tak\u017ce w jakikolwiek spos\u00f3b, kt\u00f3ry mo\u017ce spowodowa\u0107 szkody lub utrudni\u0107 normalne funkcjonowanie strony internetowej, jest zabronione. W odniesieniu do tre\u015bci niniejszej strony internetowej zabrania si\u0119:<\/p>\n\n\n\n<ul class=\"wp-block-list\">\n<li>Jego powielanie, dystrybucja lub modyfikacja w ca\u0142o\u015bci lub w cz\u0119\u015bci, chyba \u017ce uzyskano na to zgod\u0119 jego prawowitych w\u0142a\u015bcicieli;<\/li>\n\n\n\n<li>Jakiekolwiek naruszenie praw dostawcy lub prawowitych w\u0142a\u015bcicieli;<\/li>\n\n\n\n<li>Wykorzystanie w celach komercyjnych i reklamowych.<\/li>\n<\/ul>\n\n\n\n<p>Podczas korzystania ze strony internetowej, <a href=\"https:\/\/anasebresinart.com\/pl\/\">https:\/\/anasebresinart.com\/<\/a>U\u017cytkownik zgadza si\u0119 nie wykonywa\u0107&nbsp;<strong>\u017cadnego zachowania<\/strong>&nbsp;kt\u00f3re mog\u0142yby zaszkodzi\u0107 wizerunkowi, interesom i prawom ANASEB RESINART <strong>&nbsp;<\/strong>lub pochodz\u0105cych od os\u00f3b trzecich lub mog\u0105cych uszkodzi\u0107, wy\u0142\u0105czy\u0107 lub przeci\u0105\u017cy\u0107 portal (wska\u017c domen\u0119) lub kt\u00f3re mog\u0142yby w jakikolwiek spos\u00f3b uniemo\u017cliwi\u0107 normalne korzystanie ze strony internetowej.<\/p>\n\n\n\n<p>U\u017cytkownik musi jednak mie\u0107 \u015bwiadomo\u015b\u0107, \u017ce \u015brodki bezpiecze\u0144stwa system\u00f3w komputerowych w Internecie nie s\u0105 w pe\u0142ni niezawodne i dlatego ANASEB RESINART nie mo\u017ce zagwarantowa\u0107 braku wirus\u00f3w lub innych element\u00f3w, kt\u00f3re mog\u0105 powodowa\u0107 zmiany w systemach komputerowych U\u017cytkownika (oprogramowaniu i sprz\u0119cie) lub w jego dokumentach elektronicznych i plikach w nich zawartych.<\/p>\n\n\n\n<p><strong>\u015arodki bezpiecze\u0144stwa<\/strong><\/p>\n\n\n\n<p>Dane osobowe przekazane przez u\u017cytkownika firmie ANASEB RESINART mog\u0105 by\u0107 przechowywane w bazach danych zautomatyzowanych lub niezautomatyzowanych, kt\u00f3rych wy\u0142\u0105cznym w\u0142a\u015bcicielem jest firma ANASEB RESINART, kt\u00f3ra podejmuje wszelkie \u015brodki techniczne, organizacyjne i bezpiecze\u0144stwa, aby zagwarantowa\u0107 poufno\u015b\u0107, integralno\u015b\u0107 i jako\u015b\u0107 zawartych w nich informacji zgodnie z postanowieniami obowi\u0105zuj\u0105cych przepis\u00f3w o ochronie danych.<\/p>\n\n\n\n<p>Komunikacja mi\u0119dzy u\u017cytkownikami a ANASEB RESINART odbywa si\u0119 za po\u015brednictwem bezpiecznego kana\u0142u, a przesy\u0142ane dane s\u0105 szyfrowane protoko\u0142em https. Gwarantujemy zatem najwy\u017csze standardy bezpiecze\u0144stwa, aby zapewni\u0107 poufno\u015b\u0107 danych u\u017cytkownik\u00f3w.<\/p>\n\n\n\n<p><strong>Reklamacje<\/strong><\/p>\n\n\n\n<p><strong>ANASEB RESINART <\/strong>informuje, \u017ce u\u017cytkownicy i klienci maj\u0105 do dyspozycji formularze reklamacyjne.<\/p>\n\n\n\n<p>U\u017cytkownik mo\u017ce zg\u0142osi\u0107 reklamacj\u0119, \u017c\u0105daj\u0105c formularza reklamacyjnego lub wysy\u0142aj\u0105c wiadomo\u015b\u0107 e-mail na adres: <a href=\"https:\/\/anasebresinart.com\/pl\/\">https:\/\/anasebresinart.com\/<\/a> podaj\u0105c swoje imi\u0119 i nazwisko, zakupion\u0105 us\u0142ug\u0119 i\/lub produkt oraz wyja\u015bniaj\u0105c przyczyn\u0119 reklamacji.<\/p>\n\n\n\n<p>U\u017cytkownik\/kupuj\u0105cy mo\u017ce nas powiadomi\u0107 o reklamacji, wysy\u0142aj\u0105c wiadomo\u015b\u0107 e-mail na adres:&nbsp;&nbsp;<a href=\"mailto:contact@yourwebsite.com\">anaseb.resinart@gmail.com<\/a>. Poni\u017cszy formularz roszczenia:<\/p>\n\n\n\n<p><strong>Do wiadomo\u015bci:ANASEB RESINART<\/strong><br><br>https:\/\/anasebresinart.com\/<\/p>\n\n\n\n<p>Us\u0142uga\/produkt:<br>Nabyto dnia:<br>Nazwa u\u017cytkownika:<br>Adres u\u017cytkownika:<br>Podpis u\u017cytkownika (tylko w przypadku z\u0142o\u017cenia w formie papierowej):<br>Data:<br>Pow\u00f3d roszczenia:<\/p>\n\n\n\n<p><strong>Platforma rozwi\u0105zywania konflikt\u00f3w<\/strong><\/p>\n\n\n\n<p>Je\u015bli jeste\u015b zainteresowany, mo\u017cesz r\u00f3wnie\u017c skorzysta\u0107 z platformy rozstrzygania spor\u00f3w udost\u0119pnionej przez Komisj\u0119 Europejsk\u0105, aby zg\u0142osi\u0107 swoje roszczenia. Platforma jest dost\u0119pna pod nast\u0119puj\u0105cym linkiem:<a href=\"http:\/\/ec.europa.eu\/consumers\/odr\/\">&nbsp;http:\/\/ec.europa.eu\/consumers\/odr\/<\/a><\/p>\n\n\n\n<p><strong>W\u0142asno\u015b\u0107 intelektualna i przemys\u0142owa<\/strong><\/p>\n\n\n\n<p>Zgodnie z postanowieniami artyku\u0142\u00f3w 8 i 32.1, akapit drugi Ustawy o w\u0142asno\u015bci intelektualnej, reprodukcja, dystrybucja i komunikacja publiczna, w tym spos\u00f3b udost\u0119pniania, ca\u0142o\u015bci lub cz\u0119\u015bci zawarto\u015bci tej strony internetowej, w celach komercyjnych, na jakimkolwiek no\u015bniku i za pomoc\u0105 jakichkolwiek \u015brodk\u00f3w technicznych, bez zezwolenia https:\/\/anasebresinart.com\/, s\u0105 wyra\u017anie zabronione.<\/p>\n\n\n\n<p>U\u017cytkownik musi wyrazi\u0107 zgod\u0119 na poszanowanie praw w\u0142asno\u015bci intelektualnej i przemys\u0142owej b\u0119d\u0105cych w\u0142asno\u015bci\u0105 https:\/\/anasebresinart.com\/.<\/p>\n\n\n\n<p>U\u017cytkownik musi wyrazi\u0107 zgod\u0119 na poszanowanie praw w\u0142asno\u015bci intelektualnej i przemys\u0142owej b\u0119d\u0105cych w\u0142asno\u015bci\u0105 https:\/\/anasebresinart.com\/.<\/p>\n\n\n\n<p>W przypadku gdy u\u017cytkownik lub osoba trzecia uzna, \u017ce jej uzasadnione prawa w\u0142asno\u015bci intelektualnej zosta\u0142y naruszone poprzez wprowadzenie okre\u015blonych tre\u015bci na Stron\u0119 internetow\u0105, musi powiadomi\u0107 o tym fakcie ANASEB RESINART, wskazuj\u0105c:<\/p>\n\n\n\n<ul class=\"wp-block-list\">\n<li>Dane osobowe osoby zainteresowanej, kt\u00f3rej przys\u0142uguj\u0105 rzekomo naruszone prawa, albo wskazanie przedstawiciela, za po\u015brednictwem kt\u00f3rego dzia\u0142a, je\u017celi roszczenie zg\u0142asza osoba trzecia, a nie osoba zainteresowana.<\/li>\n\n\n\n<li>Nale\u017cy wskaza\u0107 tre\u015b\u0107 chronion\u0105 prawami w\u0142asno\u015bci intelektualnej i jej umiejscowienie na stronie internetowej, potwierdzenie wskazanych praw w\u0142asno\u015bci intelektualnej oraz wyra\u017ane o\u015bwiadczenie, w kt\u00f3rym zainteresowana strona bierze odpowiedzialno\u015b\u0107 za prawdziwo\u015b\u0107 informacji podanych w powiadomieniu.<\/li>\n<\/ul>\n\n\n\n<p><strong>Linki zewn\u0119trzne<\/strong><\/p>\n\n\n\n<p>Na stronach witryny https:\/\/anasebresinart.com\/ znajduj\u0105 si\u0119 linki do innych witryn i tre\u015bci b\u0119d\u0105cych w\u0142asno\u015bci\u0105 os\u00f3b trzecich, takich jak:<\/p>\n\n\n\n<ul class=\"wp-block-list\">\n<li>Narz\u0119dzia<\/li>\n\n\n\n<li>Zasoby<\/li>\n<\/ul>\n\n\n\n<p>Jedynym celem link\u00f3w jest umo\u017cliwienie U\u017cytkownikowi dost\u0119pu do tych link\u00f3w.<\/p>\n\n\n\n<p>ANASEB RESINART nie ponosi w \u017cadnym wypadku odpowiedzialno\u015bci za skutki, jakie mog\u0105 wynikn\u0105\u0107 dla U\u017cytkownika z dost\u0119pu do ww. link\u00f3w.<\/p>\n\n\n\n<p>Podobnie, u\u017cytkownicy znajd\u0105 w tej witrynie strony, promocje i programy partnerskie, kt\u00f3re wykorzystuj\u0105 dane o nawykach przegl\u0105dania u\u017cytkownik\u00f3w w celu tworzenia profili. Informacje te s\u0105 zawsze anonimowe i nie identyfikuj\u0105 u\u017cytkownika.<\/p>\n\n\n\n<p>Informacje udost\u0119pniane na tych sponsorowanych stronach lub w linkach partnerskich podlegaj\u0105 zasadom ochrony prywatno\u015bci obowi\u0105zuj\u0105cym na tych stronach i nie b\u0119d\u0105 podlega\u0107 niniejszej polityce prywatno\u015bci. Dlatego te\u017c gor\u0105co zach\u0119camy u\u017cytkownik\u00f3w do dok\u0142adnego zapoznania si\u0119 z polityk\u0105 prywatno\u015bci link\u00f3w partnerskich.<\/p>\n\n\n\n<p>Ka\u017cdy U\u017cytkownik zamierzaj\u0105cy utworzy\u0107 jakiekolwiek \u0142\u0105cze techniczne ze swojej strony internetowej do portalu https:\/\/anasebresinart.com\/ musi uzyska\u0107 uprzedni\u0105 pisemn\u0105 zgod\u0119 ANASEB RESINART. Utworzenie \u0142\u0105cza w \u017cadnym wypadku nie oznacza istnienia relacji mi\u0119dzy ANASEB RESINART a w\u0142a\u015bcicielem strony, na kt\u00f3rej znajduje si\u0119 \u0142\u0105cze, ani akceptacji lub zatwierdzenia przez ANASEB RESINART jej tre\u015bci lub us\u0142ug.<\/p>\n\n\n\n<p><strong>Wy\u0142\u0105czenie gwarancji i odpowiedzialno\u015bci<\/strong><\/p>\n\n\n\n<p>Dostawca nie udziela \u017cadnej gwarancji i nie ponosi w \u017cadnych okoliczno\u015bciach odpowiedzialno\u015bci za szkody jakiegokolwiek rodzaju, kt\u00f3re mog\u0105 wynikn\u0105\u0107 z:<\/p>\n\n\n\n<ul class=\"wp-block-list\">\n<li>Brak dost\u0119pno\u015bci, konserwacji i efektywnego dzia\u0142ania witryny internetowej lub jej us\u0142ug i tre\u015bci;<\/li>\n\n\n\n<li>Istnienie w tre\u015bciach wirus\u00f3w, program\u00f3w z\u0142o\u015bliwych lub szkodliwych;<\/li>\n\n\n\n<li>Nielegalne, niedba\u0142e, oszuka\u0144cze lub sprzeczne z prawem wykorzystanie niniejszej Informacji Prawnej;<\/li>\n\n\n\n<li>Brak legalno\u015bci, jako\u015bci, rzetelno\u015bci, u\u017cyteczno\u015bci i dost\u0119pno\u015bci us\u0142ug \u015bwiadczonych przez osoby trzecie i udost\u0119pnianych u\u017cytkownikom na stronie internetowej.<\/li>\n\n\n\n<li>Dostawca nie ponosi w \u017cadnym wypadku odpowiedzialno\u015bci za szkody mog\u0105ce powsta\u0107 w wyniku bezprawnego lub niew\u0142a\u015bciwego korzystania z niniejszej witryny internetowej.<\/li>\n<\/ul>\n\n\n\n<p><strong>Kontakt<\/strong><\/p>\n\n\n\n<p>W przypadku pyta\u0144 dotycz\u0105cych niniejszych Warunk\u00f3w prawnych lub uwag dotycz\u0105cych portalu https:\/\/anasebresinart.com\/ prosimy o kontakt <a href=\"mailto:contact@yourwebsite.com\">anaseb.resinart@gmail.com<\/a><\/p>\n\n\n\n<p>Informacja prawna zosta\u0142a ostatnio zaktualizowana 24.06.2025 r.<\/p>\n\n\n\n<p>W imieniu zespo\u0142u ANASEB RESINART dzi\u0119kujemy za po\u015bwi\u0119cenie czasu na przeczytanie niniejszej Informacji Prawnej.<\/p>\n\n\n\n<p><\/p>","protected":false},"excerpt":{"rendered":"<p>DATOS Nombre comercial:&nbsp;ANASEB RESINART SL NIF\/CIF:&nbsp;&nbsp;B54972195 Direcci\u00f3n:&nbsp;Plaza de Constituci\u00f3n 4 loc izq 03550 San Juan Correo electr\u00f3nico:&nbsp;anaseb.resinart@gmail.com Actividad:&nbsp;Construcci\u00f3n, reformas, reparaci\u00f3n, carpinter\u00eda, iluminaci\u00f3n de interiores, electricidad Inscrita en el Registro Mercantil:&nbsp; En este espacio, el USUARIO, podr\u00e1 encontrar toda la informaci\u00f3n relativa a los t\u00e9rminos y condiciones legales que definen las relaciones entre los usuarios y [&hellip;]<\/p>","protected":false},"author":2,"featured_media":0,"parent":0,"menu_order":0,"comment_status":"closed","ping_status":"closed","template":"","meta":{"footnotes":""},"class_list":["post-145","page","type-page","status-publish","hentry"],"blocksy_meta":[],"yoast_head":"<!-- This site is optimized with the Yoast SEO plugin v26.9 - https:\/\/yoast.com\/product\/yoast-seo-wordpress\/ -->\n<title>Aviso Legal - ANASEB RESINART<\/title>\n<meta name=\"robots\" content=\"noindex, nofollow\" \/>\n<meta property=\"og:locale\" content=\"pl_PL\" \/>\n<meta property=\"og:type\" content=\"article\" \/>\n<meta property=\"og:title\" content=\"Aviso Legal - ANASEB RESINART\" \/>\n<meta property=\"og:description\" content=\"DATOS Nombre comercial:&nbsp;ANASEB RESINART SL NIF\/CIF:&nbsp;&nbsp;B54972195 Direcci\u00f3n:&nbsp;Plaza de Constituci\u00f3n 4 loc izq 03550 San Juan Correo electr\u00f3nico:&nbsp;anaseb.resinart@gmail.com Actividad:&nbsp;Construcci\u00f3n, reformas, reparaci\u00f3n, carpinter\u00eda, iluminaci\u00f3n de interiores, electricidad Inscrita en el Registro Mercantil:&nbsp; En este espacio, el USUARIO, podr\u00e1 encontrar toda la informaci\u00f3n relativa a los t\u00e9rminos y condiciones legales que definen las relaciones entre los usuarios y [&hellip;]\" \/>\n<meta property=\"og:url\" content=\"https:\/\/anasebresinart.com\/pl\/aviso-legal\/\" \/>\n<meta property=\"og:site_name\" content=\"ANASEB RESINART\" \/>\n<meta property=\"article:modified_time\" content=\"2025-07-14T10:49:03+00:00\" \/>\n<meta name=\"twitter:card\" content=\"summary_large_image\" \/>\n<meta name=\"twitter:label1\" content=\"Szacowany czas czytania\" \/>\n\t<meta name=\"twitter:data1\" content=\"7 minut\" \/>\n<script type=\"application\/ld+json\" class=\"yoast-schema-graph\">{\"@context\":\"https:\/\/schema.org\",\"@graph\":[{\"@type\":\"WebPage\",\"@id\":\"https:\/\/anasebresinart.com\/aviso-legal\/\",\"url\":\"https:\/\/anasebresinart.com\/aviso-legal\/\",\"name\":\"Aviso Legal - ANASEB RESINART\",\"isPartOf\":{\"@id\":\"https:\/\/anasebresinart.com\/#website\"},\"datePublished\":\"2025-06-24T10:35:23+00:00\",\"dateModified\":\"2025-07-14T10:49:03+00:00\",\"breadcrumb\":{\"@id\":\"https:\/\/anasebresinart.com\/aviso-legal\/#breadcrumb\"},\"inLanguage\":\"pl-PL\",\"potentialAction\":[{\"@type\":\"ReadAction\",\"target\":[\"https:\/\/anasebresinart.com\/aviso-legal\/\"]}]},{\"@type\":\"BreadcrumbList\",\"@id\":\"https:\/\/anasebresinart.com\/aviso-legal\/#breadcrumb\",\"itemListElement\":[{\"@type\":\"ListItem\",\"position\":1,\"name\":\"Portada\",\"item\":\"https:\/\/anasebresinart.com\/\"},{\"@type\":\"ListItem\",\"position\":2,\"name\":\"Aviso Legal\"}]},{\"@type\":\"WebSite\",\"@id\":\"https:\/\/anasebresinart.com\/#website\",\"url\":\"https:\/\/anasebresinart.com\/\",\"name\":\"ANASEB RESINART\",\"description\":\"Empresa de Reformas, Carpinter\u00eda y Construcci\u00f3n\",\"publisher\":{\"@id\":\"https:\/\/anasebresinart.com\/#organization\"},\"potentialAction\":[{\"@type\":\"SearchAction\",\"target\":{\"@type\":\"EntryPoint\",\"urlTemplate\":\"https:\/\/anasebresinart.com\/?s={search_term_string}\"},\"query-input\":{\"@type\":\"PropertyValueSpecification\",\"valueRequired\":true,\"valueName\":\"search_term_string\"}}],\"inLanguage\":\"pl-PL\"},{\"@type\":\"Organization\",\"@id\":\"https:\/\/anasebresinart.com\/#organization\",\"name\":\"ANASEB RESINART\",\"url\":\"https:\/\/anasebresinart.com\/\",\"logo\":{\"@type\":\"ImageObject\",\"inLanguage\":\"pl-PL\",\"@id\":\"https:\/\/anasebresinart.com\/#\/schema\/logo\/image\/\",\"url\":\"https:\/\/anasebresinart.com\/wp-content\/uploads\/2025\/07\/LOGO_ANASEB-RESINART.png\",\"contentUrl\":\"https:\/\/anasebresinart.com\/wp-content\/uploads\/2025\/07\/LOGO_ANASEB-RESINART.png\",\"width\":594,\"height\":420,\"caption\":\"ANASEB RESINART\"},\"image\":{\"@id\":\"https:\/\/anasebresinart.com\/#\/schema\/logo\/image\/\"}}]}<\/script>\n<!-- \/ Yoast SEO plugin. -->","yoast_head_json":{"title":"Aviso Legal - ANASEB RESINART","robots":{"index":"noindex","follow":"nofollow"},"og_locale":"pl_PL","og_type":"article","og_title":"Aviso Legal - ANASEB RESINART","og_description":"DATOS Nombre comercial:&nbsp;ANASEB RESINART SL NIF\/CIF:&nbsp;&nbsp;B54972195 Direcci\u00f3n:&nbsp;Plaza de Constituci\u00f3n 4 loc izq 03550 San Juan Correo electr\u00f3nico:&nbsp;anaseb.resinart@gmail.com Actividad:&nbsp;Construcci\u00f3n, reformas, reparaci\u00f3n, carpinter\u00eda, iluminaci\u00f3n de interiores, electricidad Inscrita en el Registro Mercantil:&nbsp; En este espacio, el USUARIO, podr\u00e1 encontrar toda la informaci\u00f3n relativa a los t\u00e9rminos y condiciones legales que definen las relaciones entre los usuarios y [&hellip;]","og_url":"https:\/\/anasebresinart.com\/pl\/aviso-legal\/","og_site_name":"ANASEB RESINART","article_modified_time":"2025-07-14T10:49:03+00:00","twitter_card":"summary_large_image","twitter_misc":{"Szacowany czas czytania":"7 minut"},"schema":{"@context":"https:\/\/schema.org","@graph":[{"@type":"WebPage","@id":"https:\/\/anasebresinart.com\/aviso-legal\/","url":"https:\/\/anasebresinart.com\/aviso-legal\/","name":"Aviso Legal - ANASEB RESINART","isPartOf":{"@id":"https:\/\/anasebresinart.com\/#website"},"datePublished":"2025-06-24T10:35:23+00:00","dateModified":"2025-07-14T10:49:03+00:00","breadcrumb":{"@id":"https:\/\/anasebresinart.com\/aviso-legal\/#breadcrumb"},"inLanguage":"pl-PL","potentialAction":[{"@type":"ReadAction","target":["https:\/\/anasebresinart.com\/aviso-legal\/"]}]},{"@type":"BreadcrumbList","@id":"https:\/\/anasebresinart.com\/aviso-legal\/#breadcrumb","itemListElement":[{"@type":"ListItem","position":1,"name":"Portada","item":"https:\/\/anasebresinart.com\/"},{"@type":"ListItem","position":2,"name":"Aviso Legal"}]},{"@type":"WebSite","@id":"https:\/\/anasebresinart.com\/#website","url":"https:\/\/anasebresinart.com\/","name":"ANASEB RESINART","description":"Empresa de Reformas, Carpinter\u00eda y Construcci\u00f3n","publisher":{"@id":"https:\/\/anasebresinart.com\/#organization"},"potentialAction":[{"@type":"SearchAction","target":{"@type":"EntryPoint","urlTemplate":"https:\/\/anasebresinart.com\/?s={search_term_string}"},"query-input":{"@type":"PropertyValueSpecification","valueRequired":true,"valueName":"search_term_string"}}],"inLanguage":"pl-PL"},{"@type":"Organization","@id":"https:\/\/anasebresinart.com\/#organization","name":"ANASEB RESINART","url":"https:\/\/anasebresinart.com\/","logo":{"@type":"ImageObject","inLanguage":"pl-PL","@id":"https:\/\/anasebresinart.com\/#\/schema\/logo\/image\/","url":"https:\/\/anasebresinart.com\/wp-content\/uploads\/2025\/07\/LOGO_ANASEB-RESINART.png","contentUrl":"https:\/\/anasebresinart.com\/wp-content\/uploads\/2025\/07\/LOGO_ANASEB-RESINART.png","width":594,"height":420,"caption":"ANASEB RESINART"},"image":{"@id":"https:\/\/anasebresinart.com\/#\/schema\/logo\/image\/"}}]}},"_links":{"self":[{"href":"https:\/\/anasebresinart.com\/pl\/wp-json\/wp\/v2\/pages\/145","targetHints":{"allow":["GET"]}}],"collection":[{"href":"https:\/\/anasebresinart.com\/pl\/wp-json\/wp\/v2\/pages"}],"about":[{"href":"https:\/\/anasebresinart.com\/pl\/wp-json\/wp\/v2\/types\/page"}],"author":[{"embeddable":true,"href":"https:\/\/anasebresinart.com\/pl\/wp-json\/wp\/v2\/users\/2"}],"replies":[{"embeddable":true,"href":"https:\/\/anasebresinart.com\/pl\/wp-json\/wp\/v2\/comments?post=145"}],"version-history":[{"count":5,"href":"https:\/\/anasebresinart.com\/pl\/wp-json\/wp\/v2\/pages\/145\/revisions"}],"predecessor-version":[{"id":640,"href":"https:\/\/anasebresinart.com\/pl\/wp-json\/wp\/v2\/pages\/145\/revisions\/640"}],"wp:attachment":[{"href":"https:\/\/anasebresinart.com\/pl\/wp-json\/wp\/v2\/media?parent=145"}],"curies":[{"name":"wp","href":"https:\/\/api.w.org\/{rel}","templated":true}]}}